{"id":135,"date":"2024-02-05T23:02:52","date_gmt":"2024-02-05T23:02:52","guid":{"rendered":"https:\/\/julialladocasting.com\/?page_id=135"},"modified":"2024-03-07T03:54:07","modified_gmt":"2024-03-07T02:54:07","slug":"info","status":"publish","type":"page","link":"https:\/\/julialladocasting.com\/es\/info\/","title":{"rendered":"Info"},"content":{"rendered":"\t\t<div data-elementor-type=\"wp-page\" data-elementor-id=\"135\" class=\"elementor elementor-135\" data-elementor-post-type=\"page\">\n\t\t\t\t<div class=\"elementor-element elementor-element-63a9de2 e-con-full e-flex elementor-invisible e-con e-parent\" data-id=\"63a9de2\" data-element_type=\"container\" data-e-type=\"container\" data-settings=\"{&quot;animation&quot;:&quot;fadeIn&quot;}\">\n\t\t\t\t<div class=\"elementor-element elementor-element-dec5769 elementor-widget elementor-widget-text-editor\" data-id=\"dec5769\" data-element_type=\"widget\" data-e-type=\"widget\" data-widget_type=\"text-editor.default\">\n\t\t\t\t<div class=\"elementor-widget-container\">\n\t\t\t\t\t\t\t\t\t<p>Julia Llad\u00f3 casting director Par\u00eds <a href=\"https:\/\/instagram.com\/juliallar\">@juliallar<\/a><\/p><p>\u00a0<\/p><p><a href=\"mailto:juliallar@live.com\">JULIALLAR@LIVE.COM<\/a><\/p>\t\t\t\t\t\t\t\t<\/div>\n\t\t\t\t<\/div>\n\t\t\t\t<\/div>\n\t\t\t\t<\/div>\n\t\t","protected":false},"excerpt":{"rendered":"<p>Julia Llad\u00f3 casting director Par\u00eds @juliallar \u00a0 JULIALLAR@LIVE.COM<\/p>\n","protected":false},"author":1,"featured_media":0,"parent":0,"menu_order":0,"comment_status":"closed","ping_status":"closed","template":"","meta":{"footnotes":""},"class_list":["post-135","page","type-page","status-publish","hentry"],"yoast_head":"<!-- This site is optimized with the Yoast SEO plugin v24.6 - https:\/\/yoast.com\/wordpress\/plugins\/seo\/ -->\n<title>Descubre Julia Llado: Directora de Casting<\/title>\n<meta name=\"description\" content=\"Descubre a Julia Llad\u00f3, directora de casting con base en Par\u00eds, conocida por su experiencia internacional en la selecci\u00f3n de modelos.\" \/>\n<meta name=\"robots\" content=\"index, follow, max-snippet:-1, max-image-preview:large, max-video-preview:-1\" \/>\n<link rel=\"canonical\" href=\"https:\/\/julialladocasting.com\/info\/\" \/>\n<meta property=\"og:locale\" content=\"es_ES\" \/>\n<meta property=\"og:type\" content=\"article\" \/>\n<meta property=\"og:title\" content=\"Descubre Julia Llado: Directora de Casting\" \/>\n<meta property=\"og:description\" content=\"Descubre a Julia Llad\u00f3, directora de casting con base en Par\u00eds, conocida por su experiencia internacional en la selecci\u00f3n de modelos.\" \/>\n<meta property=\"og:url\" content=\"https:\/\/julialladocasting.com\/info\/\" \/>\n<meta property=\"og:site_name\" content=\"Julia Llad\u00f3 Casting\" \/>\n<meta property=\"article:modified_time\" content=\"2024-03-07T02:54:07+00:00\" \/>\n<meta name=\"twitter:card\" content=\"summary_large_image\" \/>\n<meta name=\"twitter:label1\" content=\"Tiempo de lectura\" \/>\n\t<meta name=\"twitter:data1\" content=\"1 minuto\" \/>\n<script type=\"application\/ld+json\" class=\"yoast-schema-graph\">{\"@context\":\"https:\/\/schema.org\",\"@graph\":[{\"@type\":\"WebPage\",\"@id\":\"https:\/\/julialladocasting.com\/info\/\",\"url\":\"https:\/\/julialladocasting.com\/info\/\",\"name\":\"Descubre Julia Llado: Directora de Casting\",\"isPartOf\":{\"@id\":\"https:\/\/julialladocasting.com\/#website\"},\"datePublished\":\"2024-02-05T23:02:52+00:00\",\"dateModified\":\"2024-03-07T02:54:07+00:00\",\"description\":\"Descubre a Julia Llad\u00f3, directora de casting con base en Par\u00eds, conocida por su experiencia internacional en la selecci\u00f3n de modelos.\",\"breadcrumb\":{\"@id\":\"https:\/\/julialladocasting.com\/info\/#breadcrumb\"},\"inLanguage\":\"es\",\"potentialAction\":[{\"@type\":\"ReadAction\",\"target\":[\"https:\/\/julialladocasting.com\/info\/\"]}]},{\"@type\":\"BreadcrumbList\",\"@id\":\"https:\/\/julialladocasting.com\/info\/#breadcrumb\",\"itemListElement\":[{\"@type\":\"ListItem\",\"position\":1,\"name\":\"Portada\",\"item\":\"https:\/\/julialladocasting.com\/\"},{\"@type\":\"ListItem\",\"position\":2,\"name\":\"Info\"}]},{\"@type\":\"WebSite\",\"@id\":\"https:\/\/julialladocasting.com\/#website\",\"url\":\"https:\/\/julialladocasting.com\/\",\"name\":\"Julia Llad\u00f3 Casting\",\"description\":\"\",\"publisher\":{\"@id\":\"https:\/\/julialladocasting.com\/#organization\"},\"potentialAction\":[{\"@type\":\"SearchAction\",\"target\":{\"@type\":\"EntryPoint\",\"urlTemplate\":\"https:\/\/julialladocasting.com\/?s={search_term_string}\"},\"query-input\":{\"@type\":\"PropertyValueSpecification\",\"valueRequired\":true,\"valueName\":\"search_term_string\"}}],\"inLanguage\":\"es\"},{\"@type\":\"Organization\",\"@id\":\"https:\/\/julialladocasting.com\/#organization\",\"name\":\"Julia Llad\u00f3 Casting\",\"url\":\"https:\/\/julialladocasting.com\/\",\"logo\":{\"@type\":\"ImageObject\",\"inLanguage\":\"es\",\"@id\":\"https:\/\/julialladocasting.com\/#\/schema\/logo\/image\/\",\"url\":\"http:\/\/julialladocasting.com\/wp-content\/uploads\/2024\/02\/Frame-14299.png\",\"contentUrl\":\"http:\/\/julialladocasting.com\/wp-content\/uploads\/2024\/02\/Frame-14299.png\",\"width\":121,\"height\":121,\"caption\":\"Julia Llad\u00f3 Casting\"},\"image\":{\"@id\":\"https:\/\/julialladocasting.com\/#\/schema\/logo\/image\/\"},\"sameAs\":[\"https:\/\/www.instagram.com\/juliallar\/\"]}]}<\/script>\n<!-- \/ Yoast SEO plugin. -->","yoast_head_json":{"title":"Descubre Julia Llado: Directora de Casting","description":"Descubre a Julia Llad\u00f3, directora de casting con base en Par\u00eds, conocida por su experiencia internacional en la selecci\u00f3n de modelos.","robots":{"index":"index","follow":"follow","max-snippet":"max-snippet:-1","max-image-preview":"max-image-preview:large","max-video-preview":"max-video-preview:-1"},"canonical":"https:\/\/julialladocasting.com\/info\/","og_locale":"es_ES","og_type":"article","og_title":"Descubre Julia Llado: Directora de Casting","og_description":"Descubre a Julia Llad\u00f3, directora de casting con base en Par\u00eds, conocida por su experiencia internacional en la selecci\u00f3n de modelos.","og_url":"https:\/\/julialladocasting.com\/info\/","og_site_name":"Julia Llad\u00f3 Casting","article_modified_time":"2024-03-07T02:54:07+00:00","twitter_card":"summary_large_image","twitter_misc":{"Tiempo de lectura":"1 minuto"},"schema":{"@context":"https:\/\/schema.org","@graph":[{"@type":"WebPage","@id":"https:\/\/julialladocasting.com\/info\/","url":"https:\/\/julialladocasting.com\/info\/","name":"Descubre Julia Llado: Directora de Casting","isPartOf":{"@id":"https:\/\/julialladocasting.com\/#website"},"datePublished":"2024-02-05T23:02:52+00:00","dateModified":"2024-03-07T02:54:07+00:00","description":"Descubre a Julia Llad\u00f3, directora de casting con base en Par\u00eds, conocida por su experiencia internacional en la selecci\u00f3n de modelos.","breadcrumb":{"@id":"https:\/\/julialladocasting.com\/info\/#breadcrumb"},"inLanguage":"es","potentialAction":[{"@type":"ReadAction","target":["https:\/\/julialladocasting.com\/info\/"]}]},{"@type":"BreadcrumbList","@id":"https:\/\/julialladocasting.com\/info\/#breadcrumb","itemListElement":[{"@type":"ListItem","position":1,"name":"Portada","item":"https:\/\/julialladocasting.com\/"},{"@type":"ListItem","position":2,"name":"Info"}]},{"@type":"WebSite","@id":"https:\/\/julialladocasting.com\/#website","url":"https:\/\/julialladocasting.com\/","name":"Julia Llad\u00f3 Casting","description":"","publisher":{"@id":"https:\/\/julialladocasting.com\/#organization"},"potentialAction":[{"@type":"SearchAction","target":{"@type":"EntryPoint","urlTemplate":"https:\/\/julialladocasting.com\/?s={search_term_string}"},"query-input":{"@type":"PropertyValueSpecification","valueRequired":true,"valueName":"search_term_string"}}],"inLanguage":"es"},{"@type":"Organization","@id":"https:\/\/julialladocasting.com\/#organization","name":"Julia Llad\u00f3 Casting","url":"https:\/\/julialladocasting.com\/","logo":{"@type":"ImageObject","inLanguage":"es","@id":"https:\/\/julialladocasting.com\/#\/schema\/logo\/image\/","url":"http:\/\/julialladocasting.com\/wp-content\/uploads\/2024\/02\/Frame-14299.png","contentUrl":"http:\/\/julialladocasting.com\/wp-content\/uploads\/2024\/02\/Frame-14299.png","width":121,"height":121,"caption":"Julia Llad\u00f3 Casting"},"image":{"@id":"https:\/\/julialladocasting.com\/#\/schema\/logo\/image\/"},"sameAs":["https:\/\/www.instagram.com\/juliallar\/"]}]}},"_links":{"self":[{"href":"https:\/\/julialladocasting.com\/es\/wp-json\/wp\/v2\/pages\/135","targetHints":{"allow":["GET"]}}],"collection":[{"href":"https:\/\/julialladocasting.com\/es\/wp-json\/wp\/v2\/pages"}],"about":[{"href":"https:\/\/julialladocasting.com\/es\/wp-json\/wp\/v2\/types\/page"}],"author":[{"embeddable":true,"href":"https:\/\/julialladocasting.com\/es\/wp-json\/wp\/v2\/users\/1"}],"replies":[{"embeddable":true,"href":"https:\/\/julialladocasting.com\/es\/wp-json\/wp\/v2\/comments?post=135"}],"version-history":[{"count":43,"href":"https:\/\/julialladocasting.com\/es\/wp-json\/wp\/v2\/pages\/135\/revisions"}],"predecessor-version":[{"id":490,"href":"https:\/\/julialladocasting.com\/es\/wp-json\/wp\/v2\/pages\/135\/revisions\/490"}],"wp:attachment":[{"href":"https:\/\/julialladocasting.com\/es\/wp-json\/wp\/v2\/media?parent=135"}],"curies":[{"name":"wp","href":"https:\/\/api.w.org\/{rel}","templated":true}]}}