{"id":204,"date":"2024-02-12T11:44:27","date_gmt":"2024-02-12T11:44:27","guid":{"rendered":"https:\/\/julialladocasting.com\/?page_id=204"},"modified":"2024-04-08T12:24:36","modified_gmt":"2024-04-08T11:24:36","slug":"contacto","status":"publish","type":"page","link":"https:\/\/julialladocasting.com\/es\/contacto\/","title":{"rendered":"Contacto"},"content":{"rendered":"\t\t<div data-elementor-type=\"wp-page\" data-elementor-id=\"204\" class=\"elementor elementor-204\" data-elementor-post-type=\"page\">\n\t\t\t\t<div class=\"elementor-element elementor-element-0c3d70d e-con-full e-flex e-con e-parent\" data-id=\"0c3d70d\" data-element_type=\"container\" data-e-type=\"container\">\n\t\t\t\t<div class=\"elementor-element elementor-element-c7ed0cc elementor-widget__width-initial elementor-widget elementor-widget-text-editor\" data-id=\"c7ed0cc\" data-element_type=\"widget\" data-e-type=\"widget\" data-widget_type=\"text-editor.default\">\n\t\t\t\t<div class=\"elementor-widget-container\">\n\t\t\t\t\t\t\t\t\t<p>Nacida y crecida en Ceuta, Julia Llad\u00f3 (1996), casting director internacional full-scale, basada en Par\u00eds, que combina street casting, agency casting y talents buscando plasmar identidad social y self-expression de cada proyecto.<\/p><p>Desde marcas emergentes en busca de una identidad creativa en casting, hasta marcas m\u00e1s establecidas en moda y belleza, y revistas, entre otros.<\/p><p>Sus clientes incluyen:\u00a0Adidas, Andersson Bell, Bentley, Blumarine, Cordera, Desigual, Ecoalf, Herm\u00e8s, Koch\u00e9, Pull&amp;Bear, Puma, Rabanne, Silk Laundry and Sun Club.<\/p><p>Su trabajo ha aparecido en una gran variedad de publicaciones l\u00edderes como Boycott Magazine, Combo Magazine, Elle Mexico, Mixte Magazine, Nicotine Magazine, NR Magazine, QP Magazine, Report Magazine, The Greatest Magazine, Twin Magazine, Vogue Business, Vogue Ukraine, Vogue CZ or Vogue Portugal.<\/p><p>As\u00ed como en trabajando en diferentes proyectos con dri\u00e1n Catal\u00e1n, Aitor Laspiur, Alba Melendo, Ana Floubet, Ana Garc\u00eda, Carlos Folmo, Christian Colomer, Cara Cano, David G\u00f3mez Maestre, Duddi Hasson, Elizaveta Porodina, Esther Matilla, Germ\u00e1n G\u00f3mez, I\u00f1igo Awewave, Javier de Pardo, Jeremie Monnier, Judit Melis, Lola Banet, Marta Toviv, Matteo Montanari,\u00a0Maxime Frog\u00e9, Misha Taylor, Monika Tatalovik, Pepe Lobez, Quentin de Bries, Robbie Spencer, Santi de Hita, Thomas Chene, etc.<\/p>\t\t\t\t\t\t\t\t<\/div>\n\t\t\t\t<\/div>\n\t\t\t\t<\/div>\n\t\t<div class=\"elementor-element elementor-element-5560104 e-flex e-con-boxed e-con e-parent\" data-id=\"5560104\" data-element_type=\"container\" data-e-type=\"container\">\n\t\t\t\t\t<div class=\"e-con-inner\">\n\t\t\t\t<div class=\"elementor-element elementor-element-177ced8 elementor-widget__width-initial elementor-widget elementor-widget-text-editor\" data-id=\"177ced8\" data-element_type=\"widget\" data-e-type=\"widget\" data-widget_type=\"text-editor.default\">\n\t\t\t\t<div class=\"elementor-widget-container\">\n\t\t\t\t\t\t\t\t\t<p>Publicaciones seleccionadas<\/p><p>&#8220;Exit SS24 Chanel Cover&#8221; Exit Magazine &#8211; Emma Le Doyen &amp; Sam Ranger<\/p><p>&#8220;Backstage issue&#8221; Vogue CZ &#8211; Tatiana and Karol &amp; Johanna Ankelhed<\/p><p>&#8220;The Nostalgia issue&#8221; The Greatest Magazine &#8211; Fernando Uceda &amp; Cara Cano<\/p><p>&#8220;Nostalgia&#8221; The Greatest Magazine &#8211; Lola Banet &amp; Judit Melis<\/p><p>&#8220;Beauty&#8221; Personal project &#8211; Santi de Hita &amp; Iria Salgado<\/p><p>&#8220;Escapism&#8221; Mixte Magazine &#8211; Lola Banet &amp; Sam Ranger<\/p><p>&#8220;A Project about Contradictions and Contrasts&#8221; Vogue Business &#8211; I\u00f1igo Awewave &amp; Alba Melendo<\/p><p>&#8220;The Birth of Cool&#8221; QP Magazine &#8211; Edward Lane &amp; Judit Melis<\/p><p>&#8220;Why dream&#8221; Report Magazine &#8211; Neige Augusta &amp; Louise Ducatillon<\/p><p>&#8220;Issue 13&#8221; Boycott Magazine &#8211; Aitor Laspiur &amp; Cara Cano<\/p><p>&#8220;Maps to the next word&#8221; Combo Magazine &#8211; Duddi Hasson &amp; Cara Cano<\/p><p>&#8220;Issue 29&#8221; Twin Magazine &#8211; Lola Banet &amp; Judit Melis<\/p><p>&#8220;Youth Issue&#8221; Vogue Ukraine &#8211; Misha Taylor &amp; Hanna Kelifa<\/p><p>&#8220;\ub73b\uc774 \uc788\ub294 \uacf3\uc5d0 \uae38\uc774 \uc788\ub2e4&#8221; Personal project &#8211; Germ\u00e1n G\u00f3mez &amp; Cara Cano<\/p><p>&#8220;Back to the office&#8221; Vogue Portugal &#8211; Pepe Lobez &amp; Marta Toviv<\/p><p>&#8220;Days of dance&#8221; NR Magazine &#8211; Xavier Casanueva &amp; Asier Rodriguez<\/p><p>&#8220;Mariana&#8221; Elle Mexico &#8211; Germ\u00e1n G\u00f3mez &amp; Jess Monterd\u00e9<\/p><p>Nicotine Magazine &#8211; Germ\u00e1n G\u00f3mez &amp; Judit Melis<\/p><p>&#8220;Circus Academy&#8221; Youthies Magazine &#8211; Carlos Folmo &amp; Judit Melis<\/p>\t\t\t\t\t\t\t\t<\/div>\n\t\t\t\t<\/div>\n\t\t\t\t\t<\/div>\n\t\t\t\t<\/div>\n\t\t\t\t<\/div>\n\t\t","protected":false},"excerpt":{"rendered":"<p>Nacida y crecida en Ceuta, Julia Llad\u00f3 (1996), casting director internacional full-scale, basada en Par\u00eds, que combina street casting, agency casting y talents buscando plasmar identidad social y self-expression de cada proyecto. Desde marcas emergentes en busca de una identidad creativa en casting, hasta marcas m\u00e1s establecidas en moda y belleza, y revistas, entre otros. [&hellip;]<\/p>\n","protected":false},"author":2,"featured_media":0,"parent":0,"menu_order":0,"comment_status":"closed","ping_status":"closed","template":"","meta":{"footnotes":""},"class_list":["post-204","page","type-page","status-publish","hentry"],"yoast_head":"<!-- This site is optimized with the Yoast SEO plugin v24.6 - https:\/\/yoast.com\/wordpress\/plugins\/seo\/ -->\n<title>Contacto con Julia Llad\u00f3: Directora de Casting en Par\u00eds<\/title>\n<meta name=\"description\" content=\"Contacto con Julia Llad\u00f3: Directora de Casting en Par\u00eds. Conocida por su experiencia internacional en la selecci\u00f3n de modelos.\" \/>\n<meta name=\"robots\" content=\"index, follow, max-snippet:-1, max-image-preview:large, max-video-preview:-1\" \/>\n<link rel=\"canonical\" href=\"https:\/\/julialladocasting.com\/contacto\/\" \/>\n<meta property=\"og:locale\" content=\"es_ES\" \/>\n<meta property=\"og:type\" content=\"article\" \/>\n<meta property=\"og:title\" content=\"Contacto con Julia Llad\u00f3: Directora de Casting en Par\u00eds\" \/>\n<meta property=\"og:description\" content=\"Contacto con Julia Llad\u00f3: Directora de Casting en Par\u00eds. Conocida por su experiencia internacional en la selecci\u00f3n de modelos.\" \/>\n<meta property=\"og:url\" content=\"https:\/\/julialladocasting.com\/contacto\/\" \/>\n<meta property=\"og:site_name\" content=\"Julia Llad\u00f3 Casting\" \/>\n<meta property=\"article:modified_time\" content=\"2024-04-08T11:24:36+00:00\" \/>\n<meta name=\"twitter:card\" content=\"summary_large_image\" \/>\n<meta name=\"twitter:label1\" content=\"Tiempo de lectura\" \/>\n\t<meta name=\"twitter:data1\" content=\"2 minutos\" \/>\n<script type=\"application\/ld+json\" class=\"yoast-schema-graph\">{\"@context\":\"https:\/\/schema.org\",\"@graph\":[{\"@type\":\"WebPage\",\"@id\":\"https:\/\/julialladocasting.com\/contacto\/\",\"url\":\"https:\/\/julialladocasting.com\/contacto\/\",\"name\":\"Contacto con Julia Llad\u00f3: Directora de Casting en Par\u00eds\",\"isPartOf\":{\"@id\":\"https:\/\/julialladocasting.com\/#website\"},\"datePublished\":\"2024-02-12T11:44:27+00:00\",\"dateModified\":\"2024-04-08T11:24:36+00:00\",\"description\":\"Contacto con Julia Llad\u00f3: Directora de Casting en Par\u00eds. Conocida por su experiencia internacional en la selecci\u00f3n de modelos.\",\"breadcrumb\":{\"@id\":\"https:\/\/julialladocasting.com\/contacto\/#breadcrumb\"},\"inLanguage\":\"es\",\"potentialAction\":[{\"@type\":\"ReadAction\",\"target\":[\"https:\/\/julialladocasting.com\/contacto\/\"]}]},{\"@type\":\"BreadcrumbList\",\"@id\":\"https:\/\/julialladocasting.com\/contacto\/#breadcrumb\",\"itemListElement\":[{\"@type\":\"ListItem\",\"position\":1,\"name\":\"Portada\",\"item\":\"https:\/\/julialladocasting.com\/\"},{\"@type\":\"ListItem\",\"position\":2,\"name\":\"Contacto\"}]},{\"@type\":\"WebSite\",\"@id\":\"https:\/\/julialladocasting.com\/#website\",\"url\":\"https:\/\/julialladocasting.com\/\",\"name\":\"Julia Llad\u00f3 Casting\",\"description\":\"\",\"publisher\":{\"@id\":\"https:\/\/julialladocasting.com\/#organization\"},\"potentialAction\":[{\"@type\":\"SearchAction\",\"target\":{\"@type\":\"EntryPoint\",\"urlTemplate\":\"https:\/\/julialladocasting.com\/?s={search_term_string}\"},\"query-input\":{\"@type\":\"PropertyValueSpecification\",\"valueRequired\":true,\"valueName\":\"search_term_string\"}}],\"inLanguage\":\"es\"},{\"@type\":\"Organization\",\"@id\":\"https:\/\/julialladocasting.com\/#organization\",\"name\":\"Julia Llad\u00f3 Casting\",\"url\":\"https:\/\/julialladocasting.com\/\",\"logo\":{\"@type\":\"ImageObject\",\"inLanguage\":\"es\",\"@id\":\"https:\/\/julialladocasting.com\/#\/schema\/logo\/image\/\",\"url\":\"http:\/\/julialladocasting.com\/wp-content\/uploads\/2024\/02\/Frame-14299.png\",\"contentUrl\":\"http:\/\/julialladocasting.com\/wp-content\/uploads\/2024\/02\/Frame-14299.png\",\"width\":121,\"height\":121,\"caption\":\"Julia Llad\u00f3 Casting\"},\"image\":{\"@id\":\"https:\/\/julialladocasting.com\/#\/schema\/logo\/image\/\"},\"sameAs\":[\"https:\/\/www.instagram.com\/juliallar\/\"]}]}<\/script>\n<!-- \/ Yoast SEO plugin. -->","yoast_head_json":{"title":"Contacto con Julia Llad\u00f3: Directora de Casting en Par\u00eds","description":"Contacto con Julia Llad\u00f3: Directora de Casting en Par\u00eds. Conocida por su experiencia internacional en la selecci\u00f3n de modelos.","robots":{"index":"index","follow":"follow","max-snippet":"max-snippet:-1","max-image-preview":"max-image-preview:large","max-video-preview":"max-video-preview:-1"},"canonical":"https:\/\/julialladocasting.com\/contacto\/","og_locale":"es_ES","og_type":"article","og_title":"Contacto con Julia Llad\u00f3: Directora de Casting en Par\u00eds","og_description":"Contacto con Julia Llad\u00f3: Directora de Casting en Par\u00eds. Conocida por su experiencia internacional en la selecci\u00f3n de modelos.","og_url":"https:\/\/julialladocasting.com\/contacto\/","og_site_name":"Julia Llad\u00f3 Casting","article_modified_time":"2024-04-08T11:24:36+00:00","twitter_card":"summary_large_image","twitter_misc":{"Tiempo de lectura":"2 minutos"},"schema":{"@context":"https:\/\/schema.org","@graph":[{"@type":"WebPage","@id":"https:\/\/julialladocasting.com\/contacto\/","url":"https:\/\/julialladocasting.com\/contacto\/","name":"Contacto con Julia Llad\u00f3: Directora de Casting en Par\u00eds","isPartOf":{"@id":"https:\/\/julialladocasting.com\/#website"},"datePublished":"2024-02-12T11:44:27+00:00","dateModified":"2024-04-08T11:24:36+00:00","description":"Contacto con Julia Llad\u00f3: Directora de Casting en Par\u00eds. Conocida por su experiencia internacional en la selecci\u00f3n de modelos.","breadcrumb":{"@id":"https:\/\/julialladocasting.com\/contacto\/#breadcrumb"},"inLanguage":"es","potentialAction":[{"@type":"ReadAction","target":["https:\/\/julialladocasting.com\/contacto\/"]}]},{"@type":"BreadcrumbList","@id":"https:\/\/julialladocasting.com\/contacto\/#breadcrumb","itemListElement":[{"@type":"ListItem","position":1,"name":"Portada","item":"https:\/\/julialladocasting.com\/"},{"@type":"ListItem","position":2,"name":"Contacto"}]},{"@type":"WebSite","@id":"https:\/\/julialladocasting.com\/#website","url":"https:\/\/julialladocasting.com\/","name":"Julia Llad\u00f3 Casting","description":"","publisher":{"@id":"https:\/\/julialladocasting.com\/#organization"},"potentialAction":[{"@type":"SearchAction","target":{"@type":"EntryPoint","urlTemplate":"https:\/\/julialladocasting.com\/?s={search_term_string}"},"query-input":{"@type":"PropertyValueSpecification","valueRequired":true,"valueName":"search_term_string"}}],"inLanguage":"es"},{"@type":"Organization","@id":"https:\/\/julialladocasting.com\/#organization","name":"Julia Llad\u00f3 Casting","url":"https:\/\/julialladocasting.com\/","logo":{"@type":"ImageObject","inLanguage":"es","@id":"https:\/\/julialladocasting.com\/#\/schema\/logo\/image\/","url":"http:\/\/julialladocasting.com\/wp-content\/uploads\/2024\/02\/Frame-14299.png","contentUrl":"http:\/\/julialladocasting.com\/wp-content\/uploads\/2024\/02\/Frame-14299.png","width":121,"height":121,"caption":"Julia Llad\u00f3 Casting"},"image":{"@id":"https:\/\/julialladocasting.com\/#\/schema\/logo\/image\/"},"sameAs":["https:\/\/www.instagram.com\/juliallar\/"]}]}},"_links":{"self":[{"href":"https:\/\/julialladocasting.com\/es\/wp-json\/wp\/v2\/pages\/204","targetHints":{"allow":["GET"]}}],"collection":[{"href":"https:\/\/julialladocasting.com\/es\/wp-json\/wp\/v2\/pages"}],"about":[{"href":"https:\/\/julialladocasting.com\/es\/wp-json\/wp\/v2\/types\/page"}],"author":[{"embeddable":true,"href":"https:\/\/julialladocasting.com\/es\/wp-json\/wp\/v2\/users\/2"}],"replies":[{"embeddable":true,"href":"https:\/\/julialladocasting.com\/es\/wp-json\/wp\/v2\/comments?post=204"}],"version-history":[{"count":43,"href":"https:\/\/julialladocasting.com\/es\/wp-json\/wp\/v2\/pages\/204\/revisions"}],"predecessor-version":[{"id":628,"href":"https:\/\/julialladocasting.com\/es\/wp-json\/wp\/v2\/pages\/204\/revisions\/628"}],"wp:attachment":[{"href":"https:\/\/julialladocasting.com\/es\/wp-json\/wp\/v2\/media?parent=204"}],"curies":[{"name":"wp","href":"https:\/\/api.w.org\/{rel}","templated":true}]}}